{"id":179,"date":"2015-04-12T18:57:31","date_gmt":"2015-04-12T18:57:31","guid":{"rendered":"http:\/\/www.schachclub-lambsheim.de\/wordpress\/?page_id=179"},"modified":"2023-09-18T05:29:28","modified_gmt":"2023-09-18T05:29:28","slug":"schachkegler","status":"publish","type":"page","link":"http:\/\/www.schachclub-lambsheim.de\/wordpress\/?page_id=179","title":{"rendered":"Trainings- und Spielzeiten"},"content":{"rendered":"<p>Kinder- und Jugendtraining (ab 6 Jahren) freitags ab 18:30 Uhr<\/p>\n<p>Spielabende ab 19:30 Uhr<\/p>\n<p>Mannschaftsk\u00e4mpfe sonntags ab 10:00 Uhr (siehe unter Termine auf der Startseite)<\/p>\n<p>Jugendtraining f\u00fcr Fortgeschrittene findet derzeit ausschlie\u00dflich online statt.<br \/>\nN\u00e4here Ausk\u00fcnfte hierzu bei Jugendkoordinator Dieter He\u00df.<\/p>\n","protected":false},"excerpt":{"rendered":"<p>Kinder- und Jugendtraining (ab 6 Jahren) freitags ab 18:30 Uhr Spielabende ab 19:30 Uhr Mannschaftsk\u00e4mpfe sonntags ab 10:00 Uhr (siehe unter Termine auf der Startseite) Jugendtraining f\u00fcr Fortgeschrittene findet derzeit ausschlie\u00dflich online statt. N\u00e4here Ausk\u00fcnfte hierzu bei Jugendkoordinator Dieter He\u00df.<\/p>\n","protected":false},"author":1,"featured_media":0,"parent":43,"menu_order":0,"comment_status":"closed","ping_status":"open","template":"template-onecolumn.php","meta":[],"_links":{"self":[{"href":"http:\/\/www.schachclub-lambsheim.de\/wordpress\/index.php?rest_route=\/wp\/v2\/pages\/179"}],"collection":[{"href":"http:\/\/www.schachclub-lambsheim.de\/wordpress\/index.php?rest_route=\/wp\/v2\/pages"}],"about":[{"href":"http:\/\/www.schachclub-lambsheim.de\/wordpress\/index.php?rest_route=\/wp\/v2\/types\/page"}],"author":[{"embeddable":true,"href":"http:\/\/www.schachclub-lambsheim.de\/wordpress\/index.php?rest_route=\/wp\/v2\/users\/1"}],"replies":[{"embeddable":true,"href":"http:\/\/www.schachclub-lambsheim.de\/wordpress\/index.php?rest_route=%2Fwp%2Fv2%2Fcomments&post=179"}],"version-history":[{"count":52,"href":"http:\/\/www.schachclub-lambsheim.de\/wordpress\/index.php?rest_route=\/wp\/v2\/pages\/179\/revisions"}],"predecessor-version":[{"id":8702,"href":"http:\/\/www.schachclub-lambsheim.de\/wordpress\/index.php?rest_route=\/wp\/v2\/pages\/179\/revisions\/8702"}],"up":[{"embeddable":true,"href":"http:\/\/www.schachclub-lambsheim.de\/wordpress\/index.php?rest_route=\/wp\/v2\/pages\/43"}],"wp:attachment":[{"href":"http:\/\/www.schachclub-lambsheim.de\/wordpress\/index.php?rest_route=%2Fwp%2Fv2%2Fmedia&parent=179"}],"curies":[{"name":"wp","href":"https:\/\/api.w.org\/{rel}","templated":true}]}}