{"id":28,"date":"2015-04-10T15:26:27","date_gmt":"2015-04-10T15:26:27","guid":{"rendered":"http:\/\/www.schachclub-lambsheim.de\/wordpress\/?page_id=28"},"modified":"2023-03-08T07:32:39","modified_gmt":"2023-03-08T07:32:39","slug":"impressum","status":"publish","type":"page","link":"http:\/\/www.schachclub-lambsheim.de\/wordpress\/?page_id=28","title":{"rendered":"Impressum"},"content":{"rendered":"<pre>Herausgeber: Schachclub 1997 Lambsheim\r\n             gegr\u00fcndet 11.01.1997\r\n             gemeinn\u00fctziger Verein (Finanzamt Frankenthal Nr. 15.0264)\r\n             Mitglied im PSB und Sportbund Pfalz\r\n\r\nPostanschrift: Schachclub 1982\/97 Lambsheim\r\n               1. Vorsitzender\r\n               Alexander Beck\r\n               Im Eichgarten 35\r\n               67167 Erpolzheim\r\n               Tel.: 06353\/508811\r\n               beck.erpolzheim@web.de\r\n\r\nWebmaster: Michael Achatz \r\n           Dulschanaij@gmx.net\r\n\r\nHaftungshinweis:\r\nTrotz sorgf\u00e4ltiger inhaltlicher Kontrolle \u00fcbernehmen wir keine Haftung f\u00fcr die Inhalte externer Links. \r\nF\u00fcr den Inhalt der verlinkten Seiten sind ausschlie\u00dflich deren Betreiber verantwortlich.\r\n<\/pre>\n<p>&nbsp;<\/p>\n","protected":false},"excerpt":{"rendered":"<p>Herausgeber: Schachclub 1997 Lambsheim gegr\u00fcndet 11.01.1997 gemeinn\u00fctziger Verein (Finanzamt Frankenthal Nr. 15.0264) Mitglied im PSB und Sportbund Pfalz Postanschrift: Schachclub 1982\/97 Lambsheim 1. Vorsitzender Alexander Beck Im Eichgarten 35 67167 Erpolzheim Tel.: 06353\/508811 beck.erpolzheim@web.de Webmaster: Michael Achatz Dulschanaij@gmx.net Haftungshinweis: Trotz sorgf\u00e4ltiger inhaltlicher Kontrolle \u00fcbernehmen wir keine Haftung f\u00fcr die Inhalte externer Links. F\u00fcr den Inhalt &hellip; <\/p>\n<p><a class=\"more-link block-button\" href=\"http:\/\/www.schachclub-lambsheim.de\/wordpress\/?page_id=28\">Weiter lesen &raquo;<\/a><\/p>\n","protected":false},"author":1,"featured_media":0,"parent":0,"menu_order":0,"comment_status":"closed","ping_status":"closed","template":"template-onecolumn.php","meta":[],"_links":{"self":[{"href":"http:\/\/www.schachclub-lambsheim.de\/wordpress\/index.php?rest_route=\/wp\/v2\/pages\/28"}],"collection":[{"href":"http:\/\/www.schachclub-lambsheim.de\/wordpress\/index.php?rest_route=\/wp\/v2\/pages"}],"about":[{"href":"http:\/\/www.schachclub-lambsheim.de\/wordpress\/index.php?rest_route=\/wp\/v2\/types\/page"}],"author":[{"embeddable":true,"href":"http:\/\/www.schachclub-lambsheim.de\/wordpress\/index.php?rest_route=\/wp\/v2\/users\/1"}],"replies":[{"embeddable":true,"href":"http:\/\/www.schachclub-lambsheim.de\/wordpress\/index.php?rest_route=%2Fwp%2Fv2%2Fcomments&post=28"}],"version-history":[{"count":8,"href":"http:\/\/www.schachclub-lambsheim.de\/wordpress\/index.php?rest_route=\/wp\/v2\/pages\/28\/revisions"}],"predecessor-version":[{"id":8615,"href":"http:\/\/www.schachclub-lambsheim.de\/wordpress\/index.php?rest_route=\/wp\/v2\/pages\/28\/revisions\/8615"}],"wp:attachment":[{"href":"http:\/\/www.schachclub-lambsheim.de\/wordpress\/index.php?rest_route=%2Fwp%2Fv2%2Fmedia&parent=28"}],"curies":[{"name":"wp","href":"https:\/\/api.w.org\/{rel}","templated":true}]}}